{"id":439,"date":"2021-04-19T08:04:21","date_gmt":"2021-04-19T06:04:21","guid":{"rendered":"http:\/\/temp01.woern.at\/informativa-privacy\/"},"modified":"2021-05-04T10:40:48","modified_gmt":"2021-05-04T08:40:48","slug":"informativa-privacy","status":"publish","type":"page","link":"https:\/\/www.fhf-meran.com\/it\/informativa-privacy\/","title":{"rendered":"PRIVACY &#038; COOKIES"},"content":{"rendered":"<div class=\"fusion-fullwidth fullwidth-box fusion-builder-row-1 fusion-flex-container nonhundred-percent-fullwidth non-hundred-percent-height-scrolling\" style=\"--awb-border-radius-top-left:0px;--awb-border-radius-top-right:0px;--awb-border-radius-bottom-right:0px;--awb-border-radius-bottom-left:0px;--awb-flex-wrap:wrap;\" ><div class=\"fusion-builder-row fusion-row fusion-flex-align-items-flex-start fusion-flex-content-wrap\" style=\"max-width:1248px;margin-left: calc(-4% \/ 2 );margin-right: calc(-4% \/ 2 );\"><div class=\"fusion-layout-column fusion_builder_column fusion-builder-column-0 fusion_builder_column_1_1 1_1 fusion-flex-column\" style=\"--awb-bg-size:cover;--awb-width-large:100%;--awb-margin-top-large:0px;--awb-spacing-right-large:1.92%;--awb-margin-bottom-large:0px;--awb-spacing-left-large:1.92%;--awb-width-medium:100%;--awb-spacing-right-medium:1.92%;--awb-spacing-left-medium:1.92%;--awb-width-small:100%;--awb-spacing-right-small:1.92%;--awb-spacing-left-small:1.92%;\"><div class=\"fusion-column-wrapper fusion-flex-justify-content-flex-start fusion-content-layout-column\"><div class=\"fusion-text fusion-text-1\"><p><strong>Dichiarazione sul trattamento dei dati personali<\/strong><\/p>\n<p>Il trattamento dati di questo sito web \u00e8 di competenza del suo gestore i cui dati di contatto si trovano nel colophon. Nella dichiarazione sulla tutela dei dati \u201cNoi, \u201cCi, \u201cNostro(a)\u201d si riferiscono al gestore del sito web.<\/p>\n<p><strong>Condizioni generali<\/strong><\/p>\n<p>I Suoi dati verranno trattati seriamente, in conformit\u00e0 alle disposizioni vigenti nonch\u00e9 alla presente dichiarazione dei dati. <br \/>Di norma l\u2019utilizzo della nostra pagina web non \u00e8 possibile senza l\u2019indicazione dei dati personali. <br \/>Pur disponendo i nostri siti dei dati personali (nome, indirizzo o indirizzo e-mail), il loro utilizzo avviene, laddove risulti possibile, sempre su base volontaria.<\/p>\n<p><strong>Raccolta automatica dei dati<\/strong><\/p>\n<p>Visitando la nostra pagina web (o scaricando le nostre applicazioni), \u00e8 possibile che i dati relativi all\u2019indirizzo IP vengano elaborati automaticamente: la data e l\u2019ora del Suo utilizzo, l\u2019hardware, il software o il tipo di browser, il sistema operativo del Suo computer, l\u2019applicazione, l\u2019impostazione della lingua, le informazioni sui clic e le pagine interessate. <br \/>Qualora accedesse ai nostri servizi con lo smartphone, provvederemo eventualmente al trattamento di ulteriori informazioni: tipo di smartphone e sistema operativo, installazioni specifiche del tipo di dispositivo utilizzato e sue caratteristiche, posizione geografica, informazioni sul blocco dell\u2019applicazione e altre attivit\u00e0 di sistema.<\/p>\n<p><strong>Responsabile del trattamento dati, destinatario<\/strong><\/p>\n<p>Tratteremo i Suoi dati con l\u2019appoggio dei responsabili del trattamento dei dati personali che ci sosterranno nella somministrazione dei servizi (per es. provider di hosting, di mail o di newsletter) <br \/>I responsabili del trattamento sono tenuti alla stretta osservanza dei Suoi dati e non sono assolutamente tenuti a elaborarli per fini che esulano dalla prestazione dei nostri servizi. <br \/>L\u2019inoltro dei dati avverr\u00e0 solo per fini tipicamente economici : per esempio banche (in caso di bonifici eseguiti in Suo favore), commercialisti (se Lei rientra nella nostra contabilit\u00e0) e gestori dei servizi di trasmissione (in caso di inoltro a Lei personalmente), ecc.<\/p>\n<p><strong>Sicurezza<\/strong><\/p>\n<p>Le misure amministrative, tecniche e fisiche di sicurezza vengono da noi progressivamente migliorate al fine di tutelare la protezione dei Suoi dati dall\u2019accesso non consentito, dalla perdita, dalla distruzione o dalla modifica degli stessi. Nelle misure di sicurezza rientrano i firewall e la codificazione dei dati nonch\u00e9 i controlli relativi all\u2019accesso nelle informazioni condivise.<\/p>\n<p><strong>Cookies<\/strong><\/p>\n<p>Questa pagina web utilizza i cookies. <br \/>I cookies rendono l\u2019uso delle pagine web pi\u00f9 pratico e pi\u00f9 efficiente Un cookie \u00e8 un piccolo file testuale finalizzato all\u2019archiviazione delle informazioni. Aprendo la pagina web si attiva un cookie sul computer dell\u2019user. Riaprendola successivamente la pagina web legge i dati dei cookie salvati precedentemente e verifica se l\u2019utente \u00e8 gi\u00e0 entrato in quella pagina e a quali settori \u00e8 interessato. <br \/>Per maggiori informazioni a riguardo consulti la pagina : allaboutcookies.org<\/p>\n<p><strong>Modifica delle impostazioni dei cookies<\/strong><\/p>\n<p>Il funzionamento del browser con i cookies, i cookies accettati e i cookies i rifiutati vengono decisi dallo user nelle impostazioni del browser. <br \/>Dove si trovino queste impostazioni, dipende dal browser. <br \/>Informazioni dettagliate a riguardo sono scaricabili dalla funzione Aiuto del browser. <br \/>Limitando l\u2019utilizzo dei cookies, tutte le funzioni della pagina web potrebbero non essere pi\u00f9 utilizzate sempre.<\/p>\n<p><strong>Cookies sulla nostra pagina web<\/strong><\/p>\n<p>La nostra pagina web utilizza i seguenti cookies: <br \/>Cookies persistenti: questi cookies vengono eliminati automaticamente dopo un certo periodo di tempo. La durata pu\u00f2 variare dal cookie. Pu\u00f2 eliminare questi cookies nelle impostazioni del Suo browser in qualsiasi momento. <br \/>Cookies assolutamente necessari per assicurare le funzioni basilari della pagina web <br \/>CookieConsent: serve all\u2019archiviazione del consenso per l\u2019utilizzo del cookie. <br \/>gaOptout, maOptout, fbOptout: serve all\u2019archiviazione dell\u2019Optouts di Google Analytics, Facebook Pixel. <br \/>Cookies funzionali, per assicurare la prestazione della pagina web <br \/>Performance-Cookies, per migliorare l\u2019esperienza del navigatore <br \/>Google Analytics (vedasi sezione dedicata) <br \/>Facebook Pixel (vedasi sezione dedicata) <br \/>Werbe-Cookies, per la gestione della campagna pubblicitaria.<\/p>\n<p><strong>Server Log File<\/strong><\/p>\n<p>Per il controllo della funzione tecnica e per innalzare il livello di sicurezza del sistema del server sulla base del legittimo interesse prevalente del responsabile del trattamento dati, questo sito elabora i seguenti dati personali in un server log file: <br \/>Contenuto scaricato <br \/>Orario della richiesta del server <br \/>Tipo di browser \/ versione del browser <br \/>Sistema utilizzato <br \/>URL referer <br \/>Indirizzo IP <br \/>Host name <\/p>\n<p>I dati personali verranno salvati temporaneamente per un totale di quattro ore e in seguito l\u2019indirizzo IP e l\u2019host name resteranno anonimizzati.<\/p>\n<p><strong>Google Analytics<\/strong><\/p>\n<p>Questa pagina web utilizza Google Analytics, un servizio di analisi del web di Google Inc, 1600 Amphitheatre Parkway Mountain View, CA 94043, USA (\u201eGoogle\u201c) in base al principio del legittimo interesse prevalente (analisi dell\u2019uso della pagina web) Abbiamo stipulato un contratto con Google sul trattamento dei dati commissionati.<\/p>\n<p>Scaricando la nostra pagina web si verr\u00e0 collegati ai server di Google mediante un software e i dati vengono trasmessi ai server di Google che si trovano in parte negli USA. Google Analytics utilizza inoltre i cookies per il salvataggio delle informazioni da parte dei visitatori della pagina web e per l\u2019analisi dell\u2019uso che questi ne fanno.<\/p>\n<p>Questa pagina web utilizza la funzione \u201cAnonimizzazione dell\u2019IP\u201d. In questo modo Google abbrevia e anonimizza il Suo indirizzo-IP all\u2019interno dei paesi membri dell\u2019Unione Europea o negli altri stati che rientrano nell\u2019accordo sull\u2019Area Economica Europea. Solo in casi eccezionali l\u2019indirizzo completo IP viene trasmesso a un server di Google negli USA e qui abbreviato.<\/p>\n<p>Secondo le indicazioni fornite da Google Google utilizzer\u00e0 i dati acquisiti per elaborare l\u2019utilizzo della pagina web, per produrre report sulle attivit\u00e0 della pagina web e per creare altre prestazioni di servizio legate all\u2019uso della pagina web e di internet.<\/p>\n<p>Anche Google inoltra queste informazioni eventualmente a terzi nel rispetto delle norme vigenti o nell\u2019utilizzo che questi faranno delle informazioni per conto di Google.<\/p>\n<p>Informazioni precise sul trattamento dei dati in Google Analytics sono reperibili nella dichiarazione dei dati di Google: https:\/\/www.google.com\/intl\/de\/policies\/privacy\/ bzw. https:\/\/support.google.com\/analytics\/answer\/6004245?hl=de<\/p>\n<p><strong>Disattivare Google Analytics<\/strong><\/p>\n<p>In generale pu\u00f2 evitare la registrazione dei Suoi dati sulla nostra pagina web installando la funzione \u201cDo Not Track\u201d nel Suo browser. La nostra pagina riconosce il segnale \u201cDo Not Track\u201d che il Suo browser invia poi a tutte le pagine web. <br \/>In generale pu\u00f2 evitare di registrarsi su tutte le pagine web tramite Google Analytics scaricando e installando Browser-Plugin dal seguente link: https:\/\/tools.google.com\/dlpage\/gaoptout?hl=de<\/p>\n<p><strong>Diritti<\/strong><\/p>\n<p>Ha il diritto di informazione sui dati da noi elaborati, sulla modifica, sulla cancellazione e sulla limitazione degli stessi. <br \/>Pur essendo il trattamento dei dati personali vincolati al consenso o al contratto da Lei stipulato, Le spetta il diritto di trasferibilit\u00e0 dei dati. <br \/>Pu\u00f2 eventualmente revocare il consenso rilasciato sul trattamento dei Suoi dati personali. La legittimit\u00e0 del trattamento dei dati fino all\u2019atto di revoca non verr\u00e0 compromessa dal procedimento di revoca. <br \/>Pu\u00f2 negare il consenso al trattamento dei Suoi dati personali a scopo pubblicitario. <br \/>In tal caso i Suoi dati non verranno pi\u00f9 sottoposti a trattamento.<\/p>\n<p>Ha il diritto di interpellare l\u2019autorit\u00e0 di vigilanza <br \/>Il Garante per la protezione dei dati personali, Piazza di Monte Citorio 121, 00186 Roma, garante@gpdp.it<\/p>\n<p><strong>Link collegati con altri siti web<\/strong><\/p>\n<p>Siamo linkati a pagine web di gestori non affiliati. <br \/>Aprendo questi link non potremo accedere alla registrazione e all\u2019utilizzo dei Suoi dati. Potr\u00e0 reperire tali informazioni nelle dichiarazioni sulla protezione dei dati dei partner delle pagine linkate. In tal caso non saremo responsabili della registrazione e del trattamento dei dati. Quindi abbandonando la pagina con i nostri servizi verr\u00e0 rimandato con un clic a un altro gestore nei limiti del possibile.<\/p>\n<p><strong>Modifiche apportate alla presente dichiarazione sulla protezione dei dati<\/strong><\/p>\n<p>Ci riserviamo il diritto di adattare e modificare puntualmente la nostra dichiarazione sulla tutela dei dati secondo le disposizioni attuali. Le modifiche apportate verranno ufficializzate sulla nostra piattaforma e l\u2019ultima data della presente dichiarazione aggiornata.<\/p>\n<\/div><\/div><\/div><\/div><\/div>\n","protected":false},"excerpt":{"rendered":"","protected":false},"author":1,"featured_media":0,"parent":0,"menu_order":0,"comment_status":"closed","ping_status":"open","template":"","meta":{"inline_featured_image":false,"footnotes":""},"class_list":["post-439","page","type-page","status-publish","hentry"],"yoast_head":"<!-- This site is optimized with the Yoast SEO plugin v27.1.1 - https:\/\/yoast.com\/product\/yoast-seo-wordpress\/ -->\n<title>PRIVACY &amp; COOKIES - Frauen helfen Frauen<\/title>\n<meta name=\"robots\" content=\"index, follow, max-snippet:-1, max-image-preview:large, max-video-preview:-1\" \/>\n<link rel=\"canonical\" href=\"https:\/\/www.fhf-meran.com\/it\/informativa-privacy\/\" \/>\n<meta property=\"og:locale\" content=\"it_IT\" \/>\n<meta property=\"og:type\" content=\"article\" \/>\n<meta property=\"og:title\" content=\"PRIVACY &amp; COOKIES - Frauen helfen Frauen\" \/>\n<meta property=\"og:url\" content=\"https:\/\/www.fhf-meran.com\/it\/informativa-privacy\/\" \/>\n<meta property=\"og:site_name\" content=\"Frauen helfen Frauen\" \/>\n<meta property=\"article:modified_time\" content=\"2021-05-04T08:40:48+00:00\" \/>\n<meta name=\"twitter:card\" content=\"summary_large_image\" \/>\n<meta name=\"twitter:label1\" content=\"Tempo di lettura stimato\" \/>\n\t<meta name=\"twitter:data1\" content=\"6 minuti\" \/>\n<script type=\"application\/ld+json\" class=\"yoast-schema-graph\">{\"@context\":\"https:\/\/schema.org\",\"@graph\":[{\"@type\":\"WebPage\",\"@id\":\"https:\/\/www.fhf-meran.com\/it\/informativa-privacy\/\",\"url\":\"https:\/\/www.fhf-meran.com\/it\/informativa-privacy\/\",\"name\":\"PRIVACY & COOKIES - Frauen helfen Frauen\",\"isPartOf\":{\"@id\":\"https:\/\/www.fhf-meran.com\/it\/#website\"},\"datePublished\":\"2021-04-19T06:04:21+00:00\",\"dateModified\":\"2021-05-04T08:40:48+00:00\",\"breadcrumb\":{\"@id\":\"https:\/\/www.fhf-meran.com\/it\/informativa-privacy\/#breadcrumb\"},\"inLanguage\":\"it-IT\",\"potentialAction\":[{\"@type\":\"ReadAction\",\"target\":[\"https:\/\/www.fhf-meran.com\/it\/informativa-privacy\/\"]}]},{\"@type\":\"BreadcrumbList\",\"@id\":\"https:\/\/www.fhf-meran.com\/it\/informativa-privacy\/#breadcrumb\",\"itemListElement\":[{\"@type\":\"ListItem\",\"position\":1,\"name\":\"Startseite\",\"item\":\"https:\/\/www.fhf-meran.com\/it\/\"},{\"@type\":\"ListItem\",\"position\":2,\"name\":\"PRIVACY &#038; COOKIES\"}]},{\"@type\":\"WebSite\",\"@id\":\"https:\/\/www.fhf-meran.com\/it\/#website\",\"url\":\"https:\/\/www.fhf-meran.com\/it\/\",\"name\":\"Frauen helfen Frauen\",\"description\":\"\",\"potentialAction\":[{\"@type\":\"SearchAction\",\"target\":{\"@type\":\"EntryPoint\",\"urlTemplate\":\"https:\/\/www.fhf-meran.com\/it\/?s={search_term_string}\"},\"query-input\":{\"@type\":\"PropertyValueSpecification\",\"valueRequired\":true,\"valueName\":\"search_term_string\"}}],\"inLanguage\":\"it-IT\"}]}<\/script>\n<!-- \/ Yoast SEO plugin. -->","yoast_head_json":{"title":"PRIVACY & COOKIES - Frauen helfen Frauen","robots":{"index":"index","follow":"follow","max-snippet":"max-snippet:-1","max-image-preview":"max-image-preview:large","max-video-preview":"max-video-preview:-1"},"canonical":"https:\/\/www.fhf-meran.com\/it\/informativa-privacy\/","og_locale":"it_IT","og_type":"article","og_title":"PRIVACY & COOKIES - Frauen helfen Frauen","og_url":"https:\/\/www.fhf-meran.com\/it\/informativa-privacy\/","og_site_name":"Frauen helfen Frauen","article_modified_time":"2021-05-04T08:40:48+00:00","twitter_card":"summary_large_image","twitter_misc":{"Tempo di lettura stimato":"6 minuti"},"schema":{"@context":"https:\/\/schema.org","@graph":[{"@type":"WebPage","@id":"https:\/\/www.fhf-meran.com\/it\/informativa-privacy\/","url":"https:\/\/www.fhf-meran.com\/it\/informativa-privacy\/","name":"PRIVACY & COOKIES - Frauen helfen Frauen","isPartOf":{"@id":"https:\/\/www.fhf-meran.com\/it\/#website"},"datePublished":"2021-04-19T06:04:21+00:00","dateModified":"2021-05-04T08:40:48+00:00","breadcrumb":{"@id":"https:\/\/www.fhf-meran.com\/it\/informativa-privacy\/#breadcrumb"},"inLanguage":"it-IT","potentialAction":[{"@type":"ReadAction","target":["https:\/\/www.fhf-meran.com\/it\/informativa-privacy\/"]}]},{"@type":"BreadcrumbList","@id":"https:\/\/www.fhf-meran.com\/it\/informativa-privacy\/#breadcrumb","itemListElement":[{"@type":"ListItem","position":1,"name":"Startseite","item":"https:\/\/www.fhf-meran.com\/it\/"},{"@type":"ListItem","position":2,"name":"PRIVACY &#038; COOKIES"}]},{"@type":"WebSite","@id":"https:\/\/www.fhf-meran.com\/it\/#website","url":"https:\/\/www.fhf-meran.com\/it\/","name":"Frauen helfen Frauen","description":"","potentialAction":[{"@type":"SearchAction","target":{"@type":"EntryPoint","urlTemplate":"https:\/\/www.fhf-meran.com\/it\/?s={search_term_string}"},"query-input":{"@type":"PropertyValueSpecification","valueRequired":true,"valueName":"search_term_string"}}],"inLanguage":"it-IT"}]}},"_links":{"self":[{"href":"https:\/\/www.fhf-meran.com\/it\/wp-json\/wp\/v2\/pages\/439","targetHints":{"allow":["GET"]}}],"collection":[{"href":"https:\/\/www.fhf-meran.com\/it\/wp-json\/wp\/v2\/pages"}],"about":[{"href":"https:\/\/www.fhf-meran.com\/it\/wp-json\/wp\/v2\/types\/page"}],"author":[{"embeddable":true,"href":"https:\/\/www.fhf-meran.com\/it\/wp-json\/wp\/v2\/users\/1"}],"replies":[{"embeddable":true,"href":"https:\/\/www.fhf-meran.com\/it\/wp-json\/wp\/v2\/comments?post=439"}],"version-history":[{"count":5,"href":"https:\/\/www.fhf-meran.com\/it\/wp-json\/wp\/v2\/pages\/439\/revisions"}],"predecessor-version":[{"id":580,"href":"https:\/\/www.fhf-meran.com\/it\/wp-json\/wp\/v2\/pages\/439\/revisions\/580"}],"wp:attachment":[{"href":"https:\/\/www.fhf-meran.com\/it\/wp-json\/wp\/v2\/media?parent=439"}],"curies":[{"name":"wp","href":"https:\/\/api.w.org\/{rel}","templated":true}]}}